{"id":2432,"date":"2021-02-01T15:16:44","date_gmt":"2021-02-01T15:16:44","guid":{"rendered":"http:\/\/artstatements.com\/?page_id=2432"},"modified":"2021-03-23T09:34:36","modified_gmt":"2021-03-23T09:34:36","slug":"artists-tykka-biography","status":"publish","type":"page","link":"https:\/\/artstatements.com\/index.php\/artists-tykka-biography\/","title":{"rendered":"Artists Tykka biography"},"content":{"rendered":"\t\t<div data-elementor-type=\"wp-page\" data-elementor-id=\"2432\" class=\"elementor elementor-2432\">\n\t\t\t\t\t\t<section class=\"elementor-section elementor-top-section elementor-element elementor-element-6f448e5 elementor-section-boxed elementor-section-height-default elementor-section-height-default\" data-id=\"6f448e5\" data-element_type=\"section\" data-e-type=\"section\">\n\t\t\t\t\t\t<div class=\"elementor-container elementor-column-gap-no\">\n\t\t\t\t\t<div class=\"elementor-column elementor-col-100 elementor-top-column elementor-element elementor-element-bd6eaf3\" data-id=\"bd6eaf3\" data-element_type=\"column\" data-e-type=\"column\">\n\t\t\t<div class=\"elementor-widget-wrap elementor-element-populated\">\n\t\t\t\t\t\t<section class=\"elementor-section elementor-inner-section elementor-element elementor-element-7a200f5 elementor-section-boxed elementor-section-height-default elementor-section-height-default\" data-id=\"7a200f5\" data-element_type=\"section\" data-e-type=\"section\">\n\t\t\t\t\t\t<div class=\"elementor-container elementor-column-gap-default\">\n\t\t\t\t\t<div class=\"elementor-column elementor-col-33 elementor-inner-column elementor-element elementor-element-6f3b2f5\" data-id=\"6f3b2f5\" data-element_type=\"column\" data-e-type=\"column\">\n\t\t\t<div class=\"elementor-widget-wrap elementor-element-populated\">\n\t\t\t\t\t\t<div class=\"elementor-element elementor-element-bad4415 elementor-widget elementor-widget-image\" data-id=\"bad4415\" data-element_type=\"widget\" data-e-type=\"widget\" data-widget_type=\"image.default\">\n\t\t\t\t<div class=\"elementor-widget-container\">\n\t\t\t\t\t\t\t\t\t\t\t\t\t\t\t<img decoding=\"async\" width=\"200\" height=\"145\" src=\"https:\/\/artstatements.com\/wp-content\/uploads\/2021\/01\/AS_newlogo_200px.png\" class=\"attachment-full size-full wp-image-1352\" alt=\"Art Statements logo\" \/>\t\t\t\t\t\t\t\t\t\t\t\t\t\t\t<\/div>\n\t\t\t\t<\/div>\n\t\t\t\t\t<\/div>\n\t\t<\/div>\n\t\t\t\t<div class=\"elementor-column elementor-col-33 elementor-inner-column elementor-element elementor-element-c425fe2\" data-id=\"c425fe2\" data-element_type=\"column\" data-e-type=\"column\">\n\t\t\t<div class=\"elementor-widget-wrap\">\n\t\t\t\t\t\t\t<\/div>\n\t\t<\/div>\n\t\t\t\t<div class=\"elementor-column elementor-col-33 elementor-inner-column elementor-element elementor-element-a017e3b\" data-id=\"a017e3b\" data-element_type=\"column\" data-e-type=\"column\">\n\t\t\t<div class=\"elementor-widget-wrap elementor-element-populated\">\n\t\t\t\t\t\t<div class=\"elementor-element elementor-element-dfc4617 elementor-widget elementor-widget-ekit-nav-menu\" data-id=\"dfc4617\" data-element_type=\"widget\" data-e-type=\"widget\" data-widget_type=\"ekit-nav-menu.default\">\n\t\t\t\t<div class=\"elementor-widget-container\">\n\t\t\t\t\t\t\t<nav class=\"ekit-wid-con ekit_menu_responsive_tablet\"\n\t\t\tdata-hamburger-icon=\"\"\n\t\t\tdata-hamburger-icon-type=\"icon\"\n\t\t\tdata-responsive-breakpoint=\"1024\">\n\t\t\t            <button class=\"elementskit-menu-hamburger elementskit-menu-toggler\"  type=\"button\" aria-label=\"hamburger-icon\">\n                                    <span class=\"elementskit-menu-hamburger-icon\"><\/span><span class=\"elementskit-menu-hamburger-icon\"><\/span><span class=\"elementskit-menu-hamburger-icon\"><\/span>\n                            <\/button>\n            <div id=\"ekit-megamenu-main-menu\" class=\"elementskit-menu-container elementskit-menu-offcanvas-elements elementskit-navbar-nav-default ekit-nav-menu-one-page-no ekit-nav-dropdown-hover\"><ul id=\"menu-main-menu\" class=\"elementskit-navbar-nav elementskit-menu-po-left submenu-click-on-icon\"><li id=\"menu-item-75\" class=\"menu-item menu-item-type-post_type menu-item-object-page menu-item-75 nav-item elementskit-mobile-builder-content\" data-vertical-menu=750px><a href=\"https:\/\/artstatements.com\/index.php\/artists\/\" class=\"ekit-menu-nav-link\">ARTISTS<\/a><\/li>\n<li id=\"menu-item-74\" class=\"menu-item menu-item-type-post_type menu-item-object-page menu-item-74 nav-item elementskit-mobile-builder-content\" data-vertical-menu=750px><a href=\"https:\/\/artstatements.com\/index.php\/exhibitions\/\" class=\"ekit-menu-nav-link\">EXHIBITIONS<\/a><\/li>\n<li id=\"menu-item-73\" class=\"menu-item menu-item-type-post_type menu-item-object-page menu-item-73 nav-item elementskit-mobile-builder-content\" data-vertical-menu=750px><a href=\"https:\/\/artstatements.com\/index.php\/art-advisory\/\" class=\"ekit-menu-nav-link\">ART ADVISORY<\/a><\/li>\n<li id=\"menu-item-72\" class=\"menu-item menu-item-type-post_type menu-item-object-page menu-item-72 nav-item elementskit-mobile-builder-content\" data-vertical-menu=750px><a href=\"https:\/\/artstatements.com\/index.php\/contacts\/\" class=\"ekit-menu-nav-link\">CONTACT<\/a><\/li>\n<\/ul><div class=\"elementskit-nav-identity-panel\"><a class=\"elementskit-nav-logo\" href=\"https:\/\/artstatements.com\" target=\"\" rel=\"\"><img src=\"https:\/\/artstatements.com\/wp-content\/uploads\/2021\/01\/AS_newlogo_200px.png\" title=\"AS_newlogo_200px\" alt=\"Art Statements logo\" decoding=\"async\" \/><\/a><button class=\"elementskit-menu-close elementskit-menu-toggler\" type=\"button\">X<\/button><\/div><\/div>\n\t\t\t<div class=\"elementskit-menu-overlay elementskit-menu-offcanvas-elements elementskit-menu-toggler ekit-nav-menu--overlay\"><\/div>        <\/nav>\n\t\t\t\t\t\t<\/div>\n\t\t\t\t<\/div>\n\t\t\t\t\t<\/div>\n\t\t<\/div>\n\t\t\t\t\t<\/div>\n\t\t<\/section>\n\t\t\t\t\t<\/div>\n\t\t<\/div>\n\t\t\t\t\t<\/div>\n\t\t<\/section>\n\t\t\t\t<section class=\"elementor-section elementor-top-section elementor-element elementor-element-cb3e10f elementor-section-boxed elementor-section-height-default elementor-section-height-default\" data-id=\"cb3e10f\" data-element_type=\"section\" data-e-type=\"section\">\n\t\t\t\t\t\t<div class=\"elementor-container elementor-column-gap-default\">\n\t\t\t\t\t<div class=\"elementor-column elementor-col-100 elementor-top-column elementor-element elementor-element-53d2675\" data-id=\"53d2675\" data-element_type=\"column\" data-e-type=\"column\">\n\t\t\t<div class=\"elementor-widget-wrap elementor-element-populated\">\n\t\t\t\t\t\t<section class=\"elementor-section elementor-inner-section elementor-element elementor-element-68fa31e elementor-section-boxed elementor-section-height-default elementor-section-height-default\" data-id=\"68fa31e\" data-element_type=\"section\" data-e-type=\"section\">\n\t\t\t\t\t\t<div class=\"elementor-container elementor-column-gap-default\">\n\t\t\t\t\t<div class=\"elementor-column elementor-col-33 elementor-inner-column elementor-element elementor-element-c9972de\" data-id=\"c9972de\" data-element_type=\"column\" data-e-type=\"column\">\n\t\t\t<div class=\"elementor-widget-wrap\">\n\t\t\t\t\t\t\t<\/div>\n\t\t<\/div>\n\t\t\t\t<div class=\"elementor-column elementor-col-33 elementor-inner-column elementor-element elementor-element-e37d5f6\" data-id=\"e37d5f6\" data-element_type=\"column\" data-e-type=\"column\">\n\t\t\t<div class=\"elementor-widget-wrap\">\n\t\t\t\t\t\t\t<\/div>\n\t\t<\/div>\n\t\t\t\t<div class=\"elementor-column elementor-col-33 elementor-inner-column elementor-element elementor-element-71d7e5a\" data-id=\"71d7e5a\" data-element_type=\"column\" data-e-type=\"column\">\n\t\t\t<div class=\"elementor-widget-wrap elementor-element-populated\">\n\t\t\t\t\t\t<div class=\"elementor-element elementor-element-b1919d0 elementor-widget elementor-widget-text-editor\" data-id=\"b1919d0\" data-element_type=\"widget\" data-e-type=\"widget\" data-widget_type=\"text-editor.default\">\n\t\t\t\t<div class=\"elementor-widget-container\">\n\t\t\t\t\t\t\t\t\t<p>For more artworks from SALLA TYKK<strong>\u00c4<\/strong> please contact the gallery<\/p>\t\t\t\t\t\t\t\t<\/div>\n\t\t\t\t<\/div>\n\t\t\t\t\t<\/div>\n\t\t<\/div>\n\t\t\t\t\t<\/div>\n\t\t<\/section>\n\t\t\t\t<section class=\"elementor-section elementor-inner-section elementor-element elementor-element-fe1e127 elementor-section-boxed elementor-section-height-default elementor-section-height-default\" data-id=\"fe1e127\" data-element_type=\"section\" data-e-type=\"section\">\n\t\t\t\t\t\t<div class=\"elementor-container elementor-column-gap-default\">\n\t\t\t\t\t<div class=\"elementor-column elementor-col-33 elementor-inner-column elementor-element elementor-element-99de9b0\" data-id=\"99de9b0\" data-element_type=\"column\" data-e-type=\"column\">\n\t\t\t<div class=\"elementor-widget-wrap elementor-element-populated\">\n\t\t\t\t\t\t<div class=\"elementor-element elementor-element-353a5eb elementor-widget elementor-widget-wp-widget-custom_html\" data-id=\"353a5eb\" data-element_type=\"widget\" data-e-type=\"widget\" data-widget_type=\"wp-widget-custom_html.default\">\n\t\t\t\t<div class=\"elementor-widget-container\">\n\t\t\t\t\t<div class=\"textwidget custom-html-widget\"><font color=\"black\" face=\"rye, sans-serif\" size=\"2\"> \r\n<a href=\"artists-tykka-bio\"> SALLA TYKK\u00c4<P><BR>\r\n\r\n<a href=\"artists-tykka\"> SELECTED ARTWORKS<BR><BR><\/a>\r\n<a href=\"artists-tykka-bio\"> BIOGRAPHY <BR><BR><\/a>\r\n <a href=\"artists-tykka-exhib\"> SELECTED SOLO AND GROUP EXHIBITIONS <BR><BR><\/a>\r\n  <a href=\"artists-tykka-collect\"> PUBLIC AND PRIVATE COLLECTIONS <BR><\/a>\r\n \r\n  <\/font><\/div>\t\t\t\t<\/div>\n\t\t\t\t<\/div>\n\t\t\t\t\t<\/div>\n\t\t<\/div>\n\t\t\t\t<div class=\"elementor-column elementor-col-33 elementor-inner-column elementor-element elementor-element-d6ef185\" data-id=\"d6ef185\" data-element_type=\"column\" data-e-type=\"column\">\n\t\t\t<div class=\"elementor-widget-wrap\">\n\t\t\t\t\t\t\t<\/div>\n\t\t<\/div>\n\t\t\t\t<div class=\"elementor-column elementor-col-33 elementor-inner-column elementor-element elementor-element-a7b0098\" data-id=\"a7b0098\" data-element_type=\"column\" data-e-type=\"column\">\n\t\t\t<div class=\"elementor-widget-wrap elementor-element-populated\">\n\t\t\t\t\t\t<div class=\"elementor-element elementor-element-2e1efa2 elementor-widget elementor-widget-image\" data-id=\"2e1efa2\" data-element_type=\"widget\" data-e-type=\"widget\" data-widget_type=\"image.default\">\n\t\t\t\t<div class=\"elementor-widget-container\">\n\t\t\t\t\t\t\t\t\t\t\t\t\t\t\t<img fetchpriority=\"high\" decoding=\"async\" width=\"650\" height=\"250\" src=\"https:\/\/artstatements.com\/wp-content\/uploads\/2021\/02\/artbio_Salla-Tykka.jpg\" class=\"attachment-medium_large size-medium_large wp-image-2464\" alt=\"Salla Tykk\u00e4\" srcset=\"https:\/\/artstatements.com\/wp-content\/uploads\/2021\/02\/artbio_Salla-Tykka.jpg 650w, https:\/\/artstatements.com\/wp-content\/uploads\/2021\/02\/artbio_Salla-Tykka-300x115.jpg 300w\" sizes=\"(max-width: 650px) 100vw, 650px\" \/>\t\t\t\t\t\t\t\t\t\t\t\t\t\t\t<\/div>\n\t\t\t\t<\/div>\n\t\t\t\t\t<\/div>\n\t\t<\/div>\n\t\t\t\t\t<\/div>\n\t\t<\/section>\n\t\t\t\t<section class=\"elementor-section elementor-inner-section elementor-element elementor-element-175a71d elementor-section-boxed elementor-section-height-default elementor-section-height-default\" data-id=\"175a71d\" data-element_type=\"section\" data-e-type=\"section\">\n\t\t\t\t\t\t<div class=\"elementor-container elementor-column-gap-default\">\n\t\t\t\t\t<div class=\"elementor-column elementor-col-33 elementor-inner-column elementor-element elementor-element-8619b57\" data-id=\"8619b57\" data-element_type=\"column\" data-e-type=\"column\">\n\t\t\t<div class=\"elementor-widget-wrap\">\n\t\t\t\t\t\t\t<\/div>\n\t\t<\/div>\n\t\t\t\t<div class=\"elementor-column elementor-col-33 elementor-inner-column elementor-element elementor-element-eea9ecf\" data-id=\"eea9ecf\" data-element_type=\"column\" data-e-type=\"column\">\n\t\t\t<div class=\"elementor-widget-wrap elementor-element-populated\">\n\t\t\t\t\t\t<div class=\"elementor-element elementor-element-a537b11 elementor-widget elementor-widget-text-editor\" data-id=\"a537b11\" data-element_type=\"widget\" data-e-type=\"widget\" data-widget_type=\"text-editor.default\">\n\t\t\t\t<div class=\"elementor-widget-container\">\n\t\t\t\t\t\t\t\t\t<h6>SALLA TYKK\u00c4<\/h6><p><br \/>Salla Tykk\u00e4 was born 1973 in Helsinki, Finland, where she currently lives and works. Tykk\u00e4 has been exhibited and collected extensively by major institutions such as 49th Venice Biennale, De Appel in Amsterdam, Museum of Contemporary Art in Helsinki, Palais de Tokyo in Paris, Centre d\u00b4Art Contemporain Gen\u00e8ve, Walker Art Center in Minneapolis, Museo de Arte Moderno de Buenos Aires, Wellington City Gallery in New Zealand, Casino Luxembourg &#8211; Forum d&#8217;art contemporain, Mus\u00e9e d\u00b4art contemporain de Montr\u00e9al and Collection Lambert in Avignon, France.<\/p>\t\t\t\t\t\t\t\t<\/div>\n\t\t\t\t<\/div>\n\t\t\t\t\t<\/div>\n\t\t<\/div>\n\t\t\t\t<div class=\"elementor-column elementor-col-33 elementor-inner-column elementor-element elementor-element-e21f844\" data-id=\"e21f844\" data-element_type=\"column\" data-e-type=\"column\">\n\t\t\t<div class=\"elementor-widget-wrap\">\n\t\t\t\t\t\t\t<\/div>\n\t\t<\/div>\n\t\t\t\t\t<\/div>\n\t\t<\/section>\n\t\t\t\t\t<\/div>\n\t\t<\/div>\n\t\t\t\t\t<\/div>\n\t\t<\/section>\n\t\t\t\t<section class=\"elementor-section elementor-top-section elementor-element elementor-element-139d28d elementor-section-boxed elementor-section-height-default elementor-section-height-default\" data-id=\"139d28d\" data-element_type=\"section\" data-e-type=\"section\">\n\t\t\t\t\t\t<div class=\"elementor-container elementor-column-gap-default\">\n\t\t\t\t\t<div class=\"elementor-column elementor-col-100 elementor-top-column elementor-element elementor-element-377f708\" data-id=\"377f708\" data-element_type=\"column\" data-e-type=\"column\">\n\t\t\t<div class=\"elementor-widget-wrap elementor-element-populated\">\n\t\t\t\t\t\t<section class=\"elementor-section elementor-inner-section elementor-element elementor-element-3ce4243 elementor-section-boxed elementor-section-height-default elementor-section-height-default\" data-id=\"3ce4243\" data-element_type=\"section\" data-e-type=\"section\">\n\t\t\t\t\t\t<div class=\"elementor-container elementor-column-gap-default\">\n\t\t\t\t\t<div class=\"elementor-column elementor-col-25 elementor-inner-column elementor-element elementor-element-d2d3d3b\" data-id=\"d2d3d3b\" data-element_type=\"column\" data-e-type=\"column\">\n\t\t\t<div class=\"elementor-widget-wrap elementor-element-populated\">\n\t\t\t\t\t\t<div class=\"elementor-element elementor-element-56307d7 elementor-widget elementor-widget-text-editor\" data-id=\"56307d7\" data-element_type=\"widget\" data-e-type=\"widget\" data-widget_type=\"text-editor.default\">\n\t\t\t\t<div class=\"elementor-widget-container\">\n\t\t\t\t\t\t\t\t\t<p>Copyright@\u00a0Art Statements Ltd. All rights reserved.<br \/>Images of art on this website may not be reproduced without prior permission of Art Statements Ltd. and the artists<\/p>\t\t\t\t\t\t\t\t<\/div>\n\t\t\t\t<\/div>\n\t\t\t\t\t<\/div>\n\t\t<\/div>\n\t\t\t\t<div class=\"elementor-column elementor-col-25 elementor-inner-column elementor-element elementor-element-577c35a\" data-id=\"577c35a\" data-element_type=\"column\" data-e-type=\"column\">\n\t\t\t<div class=\"elementor-widget-wrap\">\n\t\t\t\t\t\t\t<\/div>\n\t\t<\/div>\n\t\t\t\t<div class=\"elementor-column elementor-col-25 elementor-inner-column elementor-element elementor-element-9e2a333\" data-id=\"9e2a333\" data-element_type=\"column\" data-e-type=\"column\">\n\t\t\t<div class=\"elementor-widget-wrap elementor-element-populated\">\n\t\t\t\t\t\t<div class=\"elementor-element elementor-element-74e8c37 elementor-widget elementor-widget-image\" data-id=\"74e8c37\" data-element_type=\"widget\" data-e-type=\"widget\" data-widget_type=\"image.default\">\n\t\t\t\t<div class=\"elementor-widget-container\">\n\t\t\t\t\t\t\t\t\t\t\t\t\t\t\t\t<a href=\"http:\/\/www.sicd.com.hk\/index.html\">\n\t\t\t\t\t\t\t<img decoding=\"async\" src=\"https:\/\/artstatements.com\/wp-content\/uploads\/elementor\/thumbs\/SICD.2-p2nb33ve5zehh1ynxkrq5ae1r3k6bwymszaq81i12m.png\" title=\"SICD.2\" alt=\"SICD.2\" loading=\"lazy\" \/>\t\t\t\t\t\t\t\t<\/a>\n\t\t\t\t\t\t\t\t\t\t\t\t\t\t\t<\/div>\n\t\t\t\t<\/div>\n\t\t\t\t\t<\/div>\n\t\t<\/div>\n\t\t\t\t<div class=\"elementor-column elementor-col-25 elementor-inner-column elementor-element elementor-element-62abc91\" data-id=\"62abc91\" data-element_type=\"column\" data-e-type=\"column\">\n\t\t\t<div class=\"elementor-widget-wrap elementor-element-populated\">\n\t\t\t\t\t\t<div class=\"elementor-element elementor-element-dd2bc19 e-grid-align-left elementor-shape-rounded elementor-grid-0 elementor-widget elementor-widget-social-icons\" data-id=\"dd2bc19\" data-element_type=\"widget\" data-e-type=\"widget\" data-widget_type=\"social-icons.default\">\n\t\t\t\t<div class=\"elementor-widget-container\">\n\t\t\t\t\t\t\t<div class=\"elementor-social-icons-wrapper elementor-grid\" role=\"list\">\n\t\t\t\t\t\t\t<span class=\"elementor-grid-item\" role=\"listitem\">\n\t\t\t\t\t<a class=\"elementor-icon elementor-social-icon elementor-social-icon-facebook elementor-repeater-item-d447f84\" href=\"https:\/\/www.facebook.com\/art.statements.7\" target=\"_blank\">\n\t\t\t\t\t\t<span class=\"elementor-screen-only\">Facebook<\/span>\n\t\t\t\t\t\t<i aria-hidden=\"true\" class=\"fab fa-facebook\"><\/i>\t\t\t\t\t<\/a>\n\t\t\t\t<\/span>\n\t\t\t\t\t\t\t<span class=\"elementor-grid-item\" role=\"listitem\">\n\t\t\t\t\t<a class=\"elementor-icon elementor-social-icon elementor-social-icon-twitter elementor-repeater-item-1709300\" href=\"https:\/\/twitter.com\/@ARTSTATEMENTS\" target=\"_blank\">\n\t\t\t\t\t\t<span class=\"elementor-screen-only\">Twitter<\/span>\n\t\t\t\t\t\t<i aria-hidden=\"true\" class=\"fab fa-twitter\"><\/i>\t\t\t\t\t<\/a>\n\t\t\t\t<\/span>\n\t\t\t\t\t<\/div>\n\t\t\t\t\t\t<\/div>\n\t\t\t\t<\/div>\n\t\t\t\t\t<\/div>\n\t\t<\/div>\n\t\t\t\t\t<\/div>\n\t\t<\/section>\n\t\t\t\t\t<\/div>\n\t\t<\/div>\n\t\t\t\t\t<\/div>\n\t\t<\/section>\n\t\t\t\t<\/div>\n\t\t","protected":false},"excerpt":{"rendered":"<p>ARTISTS EXHIBITIONS ART DEALING CONTACT X For more artworks from SALLA TYKK\u00c4 please contact the gallery SALLA TYKK\u00c4 Salla Tykk\u00e4 was born 1973 in Helsinki, Finland, where she currently lives and works. Tykk\u00e4 has been exhibited and collected extensively by major institutions such as 49th Venice Biennale, De Appel in Amsterdam, Museum of Contemporary Art [&hellip;]<\/p>\n","protected":false},"author":1,"featured_media":0,"parent":0,"menu_order":0,"comment_status":"closed","ping_status":"closed","template":"","meta":{"footnotes":""},"class_list":["post-2432","page","type-page","status-publish","hentry"],"_links":{"self":[{"href":"https:\/\/artstatements.com\/index.php\/wp-json\/wp\/v2\/pages\/2432","targetHints":{"allow":["GET"]}}],"collection":[{"href":"https:\/\/artstatements.com\/index.php\/wp-json\/wp\/v2\/pages"}],"about":[{"href":"https:\/\/artstatements.com\/index.php\/wp-json\/wp\/v2\/types\/page"}],"author":[{"embeddable":true,"href":"https:\/\/artstatements.com\/index.php\/wp-json\/wp\/v2\/users\/1"}],"replies":[{"embeddable":true,"href":"https:\/\/artstatements.com\/index.php\/wp-json\/wp\/v2\/comments?post=2432"}],"version-history":[{"count":31,"href":"https:\/\/artstatements.com\/index.php\/wp-json\/wp\/v2\/pages\/2432\/revisions"}],"predecessor-version":[{"id":5305,"href":"https:\/\/artstatements.com\/index.php\/wp-json\/wp\/v2\/pages\/2432\/revisions\/5305"}],"wp:attachment":[{"href":"https:\/\/artstatements.com\/index.php\/wp-json\/wp\/v2\/media?parent=2432"}],"curies":[{"name":"wp","href":"https:\/\/api.w.org\/{rel}","templated":true}]}}