{"id":2474,"date":"2021-02-02T06:19:21","date_gmt":"2021-02-02T06:19:21","guid":{"rendered":"http:\/\/artstatements.com\/?page_id=2474"},"modified":"2021-03-23T09:38:02","modified_gmt":"2021-03-23T09:38:02","slug":"artists-verschaere-exhibition","status":"publish","type":"page","link":"https:\/\/artstatements.com\/index.php\/artists-verschaere-exhibition\/","title":{"rendered":"Artists Verschaere exhibition"},"content":{"rendered":"\t\t<div data-elementor-type=\"wp-page\" data-elementor-id=\"2474\" class=\"elementor elementor-2474\">\n\t\t\t\t\t\t<section class=\"elementor-section elementor-top-section elementor-element elementor-element-3dfc6f4 elementor-section-boxed elementor-section-height-default elementor-section-height-default\" data-id=\"3dfc6f4\" data-element_type=\"section\" data-e-type=\"section\">\n\t\t\t\t\t\t<div class=\"elementor-container elementor-column-gap-no\">\n\t\t\t\t\t<div class=\"elementor-column elementor-col-100 elementor-top-column elementor-element elementor-element-393102c\" data-id=\"393102c\" data-element_type=\"column\" data-e-type=\"column\">\n\t\t\t<div class=\"elementor-widget-wrap elementor-element-populated\">\n\t\t\t\t\t\t<section class=\"elementor-section elementor-inner-section elementor-element elementor-element-0513800 elementor-section-boxed elementor-section-height-default elementor-section-height-default\" data-id=\"0513800\" data-element_type=\"section\" data-e-type=\"section\">\n\t\t\t\t\t\t<div class=\"elementor-container elementor-column-gap-default\">\n\t\t\t\t\t<div class=\"elementor-column elementor-col-33 elementor-inner-column elementor-element elementor-element-2d0d062\" data-id=\"2d0d062\" data-element_type=\"column\" data-e-type=\"column\">\n\t\t\t<div class=\"elementor-widget-wrap elementor-element-populated\">\n\t\t\t\t\t\t<div class=\"elementor-element elementor-element-68be0e8 elementor-widget elementor-widget-image\" data-id=\"68be0e8\" data-element_type=\"widget\" data-e-type=\"widget\" data-widget_type=\"image.default\">\n\t\t\t\t<div class=\"elementor-widget-container\">\n\t\t\t\t\t\t\t\t\t\t\t\t\t\t\t<img decoding=\"async\" width=\"200\" height=\"145\" src=\"https:\/\/artstatements.com\/wp-content\/uploads\/2021\/01\/AS_newlogo_200px.png\" class=\"attachment-full size-full wp-image-1352\" alt=\"Art Statements logo\" \/>\t\t\t\t\t\t\t\t\t\t\t\t\t\t\t<\/div>\n\t\t\t\t<\/div>\n\t\t\t\t\t<\/div>\n\t\t<\/div>\n\t\t\t\t<div class=\"elementor-column elementor-col-33 elementor-inner-column elementor-element elementor-element-a1f135c\" data-id=\"a1f135c\" data-element_type=\"column\" data-e-type=\"column\">\n\t\t\t<div class=\"elementor-widget-wrap\">\n\t\t\t\t\t\t\t<\/div>\n\t\t<\/div>\n\t\t\t\t<div class=\"elementor-column elementor-col-33 elementor-inner-column elementor-element elementor-element-325dcbf\" data-id=\"325dcbf\" data-element_type=\"column\" data-e-type=\"column\">\n\t\t\t<div class=\"elementor-widget-wrap elementor-element-populated\">\n\t\t\t\t\t\t<div class=\"elementor-element elementor-element-9f437c1 elementor-widget elementor-widget-ekit-nav-menu\" data-id=\"9f437c1\" data-element_type=\"widget\" data-e-type=\"widget\" data-widget_type=\"ekit-nav-menu.default\">\n\t\t\t\t<div class=\"elementor-widget-container\">\n\t\t\t\t\t\t\t<nav class=\"ekit-wid-con ekit_menu_responsive_tablet\"\n\t\t\tdata-hamburger-icon=\"\"\n\t\t\tdata-hamburger-icon-type=\"icon\"\n\t\t\tdata-responsive-breakpoint=\"1024\">\n\t\t\t            <button class=\"elementskit-menu-hamburger elementskit-menu-toggler\"  type=\"button\" aria-label=\"hamburger-icon\">\n                                    <span class=\"elementskit-menu-hamburger-icon\"><\/span><span class=\"elementskit-menu-hamburger-icon\"><\/span><span class=\"elementskit-menu-hamburger-icon\"><\/span>\n                            <\/button>\n            <div id=\"ekit-megamenu-main-menu\" class=\"elementskit-menu-container elementskit-menu-offcanvas-elements elementskit-navbar-nav-default ekit-nav-menu-one-page-no ekit-nav-dropdown-hover\"><ul id=\"menu-main-menu\" class=\"elementskit-navbar-nav elementskit-menu-po-left submenu-click-on-icon\"><li id=\"menu-item-75\" class=\"menu-item menu-item-type-post_type menu-item-object-page menu-item-75 nav-item elementskit-mobile-builder-content\" data-vertical-menu=750px><a href=\"https:\/\/artstatements.com\/index.php\/artists\/\" class=\"ekit-menu-nav-link\">ARTISTS<\/a><\/li>\n<li id=\"menu-item-74\" class=\"menu-item menu-item-type-post_type menu-item-object-page menu-item-74 nav-item elementskit-mobile-builder-content\" data-vertical-menu=750px><a href=\"https:\/\/artstatements.com\/index.php\/exhibitions\/\" class=\"ekit-menu-nav-link\">EXHIBITIONS<\/a><\/li>\n<li id=\"menu-item-73\" class=\"menu-item menu-item-type-post_type menu-item-object-page menu-item-73 nav-item elementskit-mobile-builder-content\" data-vertical-menu=750px><a href=\"https:\/\/artstatements.com\/index.php\/art-advisory\/\" class=\"ekit-menu-nav-link\">ART ADVISORY<\/a><\/li>\n<li id=\"menu-item-72\" class=\"menu-item menu-item-type-post_type menu-item-object-page menu-item-72 nav-item elementskit-mobile-builder-content\" data-vertical-menu=750px><a href=\"https:\/\/artstatements.com\/index.php\/contacts\/\" class=\"ekit-menu-nav-link\">CONTACT<\/a><\/li>\n<\/ul><div class=\"elementskit-nav-identity-panel\"><a class=\"elementskit-nav-logo\" href=\"https:\/\/artstatements.com\" target=\"\" rel=\"\"><img src=\"https:\/\/artstatements.com\/wp-content\/uploads\/2021\/01\/AS_newlogo_200px.png\" title=\"AS_newlogo_200px\" alt=\"Art Statements logo\" decoding=\"async\" \/><\/a><button class=\"elementskit-menu-close elementskit-menu-toggler\" type=\"button\">X<\/button><\/div><\/div>\n\t\t\t<div class=\"elementskit-menu-overlay elementskit-menu-offcanvas-elements elementskit-menu-toggler ekit-nav-menu--overlay\"><\/div>        <\/nav>\n\t\t\t\t\t\t<\/div>\n\t\t\t\t<\/div>\n\t\t\t\t\t<\/div>\n\t\t<\/div>\n\t\t\t\t\t<\/div>\n\t\t<\/section>\n\t\t\t\t\t<\/div>\n\t\t<\/div>\n\t\t\t\t\t<\/div>\n\t\t<\/section>\n\t\t\t\t<section class=\"elementor-section elementor-top-section elementor-element elementor-element-cb3e10f elementor-section-boxed elementor-section-height-default elementor-section-height-default\" data-id=\"cb3e10f\" data-element_type=\"section\" data-e-type=\"section\">\n\t\t\t\t\t\t<div class=\"elementor-container elementor-column-gap-default\">\n\t\t\t\t\t<div class=\"elementor-column elementor-col-100 elementor-top-column elementor-element elementor-element-53d2675\" data-id=\"53d2675\" data-element_type=\"column\" data-e-type=\"column\">\n\t\t\t<div class=\"elementor-widget-wrap elementor-element-populated\">\n\t\t\t\t\t\t<section class=\"elementor-section elementor-inner-section elementor-element elementor-element-fe1e127 elementor-section-boxed elementor-section-height-default elementor-section-height-default\" data-id=\"fe1e127\" data-element_type=\"section\" data-e-type=\"section\">\n\t\t\t\t\t\t<div class=\"elementor-container elementor-column-gap-default\">\n\t\t\t\t\t<div class=\"elementor-column elementor-col-25 elementor-inner-column elementor-element elementor-element-99de9b0\" data-id=\"99de9b0\" data-element_type=\"column\" data-e-type=\"column\">\n\t\t\t<div class=\"elementor-widget-wrap elementor-element-populated\">\n\t\t\t\t\t\t<div class=\"elementor-element elementor-element-ed617b4 elementor-widget elementor-widget-wp-widget-custom_html\" data-id=\"ed617b4\" data-element_type=\"widget\" data-e-type=\"widget\" data-widget_type=\"wp-widget-custom_html.default\">\n\t\t\t\t<div class=\"elementor-widget-container\">\n\t\t\t\t\t<div class=\"textwidget custom-html-widget\"><font color=\"black\" face=\"rye, sans-serif\" size=\"2\"> \r\n<a href=\"artists-verschaere-bio\"> FABIEN VERSCHAERE<P><BR>\r\n\r\n<a href=\"artists-verschaere\"> SELECTED ARTWORKS<BR><BR><\/a>\r\n<a href=\"artists-verschaere-bio\"> BIOGRAPHY <BR><BR><\/a>\r\n <a href=\"artists-verschaere-exhib\"> SELECTED SOLO AND GROUP EXHIBITIONS <BR><BR><\/a>\r\n  <a href=\"artists-verschaere-collect\"> PUBLIC AND PRIVATE COLLECTIONS <BR><\/a>\r\n \r\n  <\/font><\/div>\t\t\t\t<\/div>\n\t\t\t\t<\/div>\n\t\t\t\t\t<\/div>\n\t\t<\/div>\n\t\t\t\t<div class=\"elementor-column elementor-col-25 elementor-inner-column elementor-element elementor-element-3844eb8\" data-id=\"3844eb8\" data-element_type=\"column\" data-e-type=\"column\">\n\t\t\t<div class=\"elementor-widget-wrap\">\n\t\t\t\t\t\t\t<\/div>\n\t\t<\/div>\n\t\t\t\t<div class=\"elementor-column elementor-col-25 elementor-inner-column elementor-element elementor-element-a7b0098\" data-id=\"a7b0098\" data-element_type=\"column\" data-e-type=\"column\">\n\t\t\t<div class=\"elementor-widget-wrap elementor-element-populated\">\n\t\t\t\t\t\t<div class=\"elementor-element elementor-element-5ce365f elementor-widget elementor-widget-text-editor\" data-id=\"5ce365f\" data-element_type=\"widget\" data-e-type=\"widget\" data-widget_type=\"text-editor.default\">\n\t\t\t\t<div class=\"elementor-widget-container\">\n\t\t\t\t\t\t\t\t\t<h6>SELECTED SOLO AND GROUP EXHIBITIONS<\/h6><h6><strong><br \/><\/strong>2007<\/h6><p>After Seven remix, Baltic, Center for Contemporary Art, NewcastleGateshead, UK, Seven Days Hotel, Mus\u00e9e d&#8217;art contemporain, Lyon, France, Apocalypse Please, galerie Michel Rein, Paris, France<\/p><h6><br \/>2006<\/h6><p>Das M\u00e4rchen im Glashaus, Institut fran\u00e7ais, Munich, Germany Copycat, same in the world, Galica arte contemporanea, Milano, Italy Notre Histoire, Palais de Tokyo, Paris, France Aboslumental, Les Abattoirs, Toulouse, France Novel of Game, Parcours d&#8217;art contemporain, Fontenay-le-Comte, France Mus\u00e9e de l&#8217;abbaye Sainte-Croix, Les Sables d&#8217;Olonne, France Nuit Blanche, Paris, France<\/p><h6><br \/>2005<\/h6><p>Art Statements Gallery, Hong Kong, PRC \u201cSinguliers\u201d, Guangdong Museum of Art, Guangdong, China Grace Alexander Gallery, Zurich, Switzerland Traversee Gallery, Munich, Germany Prague Biennale, Prague, Czech Republic \u201cKidding Park\u201d, Galerie Michel Rein, Paris, France \u201cEmergency Culture\u201c, To-Be-Art Galerie, Saint-Barthelemy<\/p><h6><br \/>2004<\/h6><p>\u201cNothing Else\u201d, Espace Paul Ricard, Paris, France BAT CampusGallery, Bayreuth, Germany \u201cShooting for Fun\u201d, Art Statements Gallery, Hong Kong \u201cI\u2019ve Got You under My Skin\u201d, Draiocht, Dublin, Irland Center for Contemporary Art, Prato, Italy<\/p><h6><br \/>2003<\/h6><p>\u201cOnce upon No Time, 49 nights for a poem\u201d, Gallery Michel Rein, Paris, France FIAC, Paris, France \u201cNo Idea\u201d, Center for Contemporary Creation, Tours, France A Novel for Life\u201d, Palais de Tokyo, Paris, France<\/p><h6><br \/>2002<\/h6><p>Montreal Biennal, Canada International Center of Contemporary Art, Montreal, Canada \u201cDrawings XXL\u201d, Nantes, France Breathing Space, Parc Andre Citroen, France National Museum of Kinshasa, Democratic Republic of Congo Paris \u2013 Brooklin (with Saadane Afif) at the Parker\u2019s Box of New York, USA Opening exhibition, Palais de Tokyo, Paris, France<\/p><h6><br \/>2001<\/h6><p>\u201cTraversee\u201d, Paris\u2019 Museum of Modern Art, France \u201ccolori del Mediterraneo\u201d at the Ospedidale Sant\u2019Andrea, Rome, Italy Biennale of Tirana, Albania \u201cEn Outre\u201d, French Cultural Center, Turin, Italy \u201cNos Rendez-Vous 3\u201d, National Center for Photography, Paris, France \u201cSinceres felicitations\u201d, Zoo gallery, Nantes, France<\/p>\t\t\t\t\t\t\t\t<\/div>\n\t\t\t\t<\/div>\n\t\t\t\t\t<\/div>\n\t\t<\/div>\n\t\t\t\t<div class=\"elementor-column elementor-col-25 elementor-inner-column elementor-element elementor-element-d6ef185\" data-id=\"d6ef185\" data-element_type=\"column\" data-e-type=\"column\">\n\t\t\t<div class=\"elementor-widget-wrap\">\n\t\t\t\t\t\t\t<\/div>\n\t\t<\/div>\n\t\t\t\t\t<\/div>\n\t\t<\/section>\n\t\t\t\t\t<\/div>\n\t\t<\/div>\n\t\t\t\t\t<\/div>\n\t\t<\/section>\n\t\t\t\t<section class=\"elementor-section elementor-top-section elementor-element elementor-element-d5d2a51 elementor-section-boxed elementor-section-height-default elementor-section-height-default\" data-id=\"d5d2a51\" data-element_type=\"section\" data-e-type=\"section\">\n\t\t\t\t\t\t<div class=\"elementor-container elementor-column-gap-default\">\n\t\t\t\t\t<div class=\"elementor-column elementor-col-100 elementor-top-column elementor-element elementor-element-9d4412a\" data-id=\"9d4412a\" data-element_type=\"column\" data-e-type=\"column\">\n\t\t\t<div class=\"elementor-widget-wrap elementor-element-populated\">\n\t\t\t\t\t\t<section class=\"elementor-section elementor-inner-section elementor-element elementor-element-4ffb360 elementor-section-boxed elementor-section-height-default elementor-section-height-default\" data-id=\"4ffb360\" data-element_type=\"section\" data-e-type=\"section\">\n\t\t\t\t\t\t<div class=\"elementor-container elementor-column-gap-default\">\n\t\t\t\t\t<div class=\"elementor-column elementor-col-25 elementor-inner-column elementor-element elementor-element-36270bc\" data-id=\"36270bc\" data-element_type=\"column\" data-e-type=\"column\">\n\t\t\t<div class=\"elementor-widget-wrap elementor-element-populated\">\n\t\t\t\t\t\t<div class=\"elementor-element elementor-element-27f70ab elementor-widget elementor-widget-text-editor\" data-id=\"27f70ab\" data-element_type=\"widget\" data-e-type=\"widget\" data-widget_type=\"text-editor.default\">\n\t\t\t\t<div class=\"elementor-widget-container\">\n\t\t\t\t\t\t\t\t\t<p>Copyright@\u00a0Art Statements Ltd. All rights reserved.<br \/>Images of art on this website may not be reproduced without prior permission of Art Statements Ltd. and the artists<\/p>\t\t\t\t\t\t\t\t<\/div>\n\t\t\t\t<\/div>\n\t\t\t\t\t<\/div>\n\t\t<\/div>\n\t\t\t\t<div class=\"elementor-column elementor-col-25 elementor-inner-column elementor-element elementor-element-38be005\" data-id=\"38be005\" data-element_type=\"column\" data-e-type=\"column\">\n\t\t\t<div class=\"elementor-widget-wrap\">\n\t\t\t\t\t\t\t<\/div>\n\t\t<\/div>\n\t\t\t\t<div class=\"elementor-column elementor-col-25 elementor-inner-column elementor-element elementor-element-13a8161\" data-id=\"13a8161\" data-element_type=\"column\" data-e-type=\"column\">\n\t\t\t<div class=\"elementor-widget-wrap elementor-element-populated\">\n\t\t\t\t\t\t<div class=\"elementor-element elementor-element-7b99eaa elementor-widget elementor-widget-image\" data-id=\"7b99eaa\" data-element_type=\"widget\" data-e-type=\"widget\" data-widget_type=\"image.default\">\n\t\t\t\t<div class=\"elementor-widget-container\">\n\t\t\t\t\t\t\t\t\t\t\t\t\t\t\t\t<a href=\"http:\/\/www.sicd.com.hk\/index.html\">\n\t\t\t\t\t\t\t<img decoding=\"async\" src=\"https:\/\/artstatements.com\/wp-content\/uploads\/elementor\/thumbs\/SICD.2-p2nb33ve5zehh1ynxkrq5ae1r3k6bwymszaq81i12m.png\" title=\"SICD.2\" alt=\"SICD.2\" loading=\"lazy\" \/>\t\t\t\t\t\t\t\t<\/a>\n\t\t\t\t\t\t\t\t\t\t\t\t\t\t\t<\/div>\n\t\t\t\t<\/div>\n\t\t\t\t\t<\/div>\n\t\t<\/div>\n\t\t\t\t<div class=\"elementor-column elementor-col-25 elementor-inner-column elementor-element elementor-element-5ab2606\" data-id=\"5ab2606\" data-element_type=\"column\" data-e-type=\"column\">\n\t\t\t<div class=\"elementor-widget-wrap elementor-element-populated\">\n\t\t\t\t\t\t<div class=\"elementor-element elementor-element-34f9062 e-grid-align-left elementor-shape-rounded elementor-grid-0 elementor-widget elementor-widget-social-icons\" data-id=\"34f9062\" data-element_type=\"widget\" data-e-type=\"widget\" data-widget_type=\"social-icons.default\">\n\t\t\t\t<div class=\"elementor-widget-container\">\n\t\t\t\t\t\t\t<div class=\"elementor-social-icons-wrapper elementor-grid\" role=\"list\">\n\t\t\t\t\t\t\t<span class=\"elementor-grid-item\" role=\"listitem\">\n\t\t\t\t\t<a class=\"elementor-icon elementor-social-icon elementor-social-icon-facebook elementor-repeater-item-d447f84\" href=\"https:\/\/www.facebook.com\/art.statements.7\" target=\"_blank\">\n\t\t\t\t\t\t<span class=\"elementor-screen-only\">Facebook<\/span>\n\t\t\t\t\t\t<i aria-hidden=\"true\" class=\"fab fa-facebook\"><\/i>\t\t\t\t\t<\/a>\n\t\t\t\t<\/span>\n\t\t\t\t\t\t\t<span class=\"elementor-grid-item\" role=\"listitem\">\n\t\t\t\t\t<a class=\"elementor-icon elementor-social-icon elementor-social-icon-twitter elementor-repeater-item-1709300\" href=\"https:\/\/twitter.com\/@ARTSTATEMENTS\" target=\"_blank\">\n\t\t\t\t\t\t<span class=\"elementor-screen-only\">Twitter<\/span>\n\t\t\t\t\t\t<i aria-hidden=\"true\" class=\"fab fa-twitter\"><\/i>\t\t\t\t\t<\/a>\n\t\t\t\t<\/span>\n\t\t\t\t\t<\/div>\n\t\t\t\t\t\t<\/div>\n\t\t\t\t<\/div>\n\t\t\t\t\t<\/div>\n\t\t<\/div>\n\t\t\t\t\t<\/div>\n\t\t<\/section>\n\t\t\t\t\t<\/div>\n\t\t<\/div>\n\t\t\t\t\t<\/div>\n\t\t<\/section>\n\t\t\t\t<\/div>\n\t\t","protected":false},"excerpt":{"rendered":"<p>ARTISTS EXHIBITIONS ART DEALING CONTACT X SELECTED SOLO AND GROUP EXHIBITIONS 2007 After Seven remix, Baltic, Center for Contemporary Art, NewcastleGateshead, UK, Seven Days Hotel, Mus\u00e9e d&#8217;art contemporain, Lyon, France, Apocalypse Please, galerie Michel Rein, Paris, France 2006 Das M\u00e4rchen im Glashaus, Institut fran\u00e7ais, Munich, Germany Copycat, same in the world, Galica arte contemporanea, Milano, [&hellip;]<\/p>\n","protected":false},"author":1,"featured_media":0,"parent":0,"menu_order":0,"comment_status":"closed","ping_status":"closed","template":"","meta":{"footnotes":""},"class_list":["post-2474","page","type-page","status-publish","hentry"],"_links":{"self":[{"href":"https:\/\/artstatements.com\/index.php\/wp-json\/wp\/v2\/pages\/2474","targetHints":{"allow":["GET"]}}],"collection":[{"href":"https:\/\/artstatements.com\/index.php\/wp-json\/wp\/v2\/pages"}],"about":[{"href":"https:\/\/artstatements.com\/index.php\/wp-json\/wp\/v2\/types\/page"}],"author":[{"embeddable":true,"href":"https:\/\/artstatements.com\/index.php\/wp-json\/wp\/v2\/users\/1"}],"replies":[{"embeddable":true,"href":"https:\/\/artstatements.com\/index.php\/wp-json\/wp\/v2\/comments?post=2474"}],"version-history":[{"count":28,"href":"https:\/\/artstatements.com\/index.php\/wp-json\/wp\/v2\/pages\/2474\/revisions"}],"predecessor-version":[{"id":5313,"href":"https:\/\/artstatements.com\/index.php\/wp-json\/wp\/v2\/pages\/2474\/revisions\/5313"}],"wp:attachment":[{"href":"https:\/\/artstatements.com\/index.php\/wp-json\/wp\/v2\/media?parent=2474"}],"curies":[{"name":"wp","href":"https:\/\/api.w.org\/{rel}","templated":true}]}}